{"id":27,"date":"2023-04-28T10:43:18","date_gmt":"2023-04-28T13:43:18","guid":{"rendered":"https:\/\/infinitusconsultoria.com.br\/?page_id=27"},"modified":"2023-05-05T14:39:18","modified_gmt":"2023-05-05T17:39:18","slug":"pagina-principal-infinitus","status":"publish","type":"page","link":"https:\/\/infinitusconsultoria.com.br\/","title":{"rendered":"P\u00e1gina Principal &#8211; Infinitus"},"content":{"rendered":"<div id=\"cs-content\" class=\"cs-content\"><\/div>\n","protected":false},"excerpt":{"rendered":"<p>Uma forma simples de fazer Gest\u00e3o Nossa miss\u00e3o Fornecer Servi\u00e7os de Treinamento e Consultoria Gerencial, na forma Simples de fazer &#8230;<\/p>\n","protected":false},"author":1,"featured_media":0,"parent":0,"menu_order":0,"comment_status":"closed","ping_status":"closed","template":"template-blank-4.php","meta":{"inline_featured_image":false},"_links":{"self":[{"href":"https:\/\/infinitusconsultoria.com.br\/index.php\/wp-json\/wp\/v2\/pages\/27"}],"collection":[{"href":"https:\/\/infinitusconsultoria.com.br\/index.php\/wp-json\/wp\/v2\/pages"}],"about":[{"href":"https:\/\/infinitusconsultoria.com.br\/index.php\/wp-json\/wp\/v2\/types\/page"}],"author":[{"embeddable":true,"href":"https:\/\/infinitusconsultoria.com.br\/index.php\/wp-json\/wp\/v2\/users\/1"}],"replies":[{"embeddable":true,"href":"https:\/\/infinitusconsultoria.com.br\/index.php\/wp-json\/wp\/v2\/comments?post=27"}],"version-history":[{"count":36,"href":"https:\/\/infinitusconsultoria.com.br\/index.php\/wp-json\/wp\/v2\/pages\/27\/revisions"}],"predecessor-version":[{"id":82,"href":"https:\/\/infinitusconsultoria.com.br\/index.php\/wp-json\/wp\/v2\/pages\/27\/revisions\/82"}],"wp:attachment":[{"href":"https:\/\/infinitusconsultoria.com.br\/index.php\/wp-json\/wp\/v2\/media?parent=27"}],"curies":[{"name":"wp","href":"https:\/\/api.w.org\/{rel}","templated":true}]}}